{"id":439,"date":"2022-04-19T16:35:43","date_gmt":"2022-04-19T16:35:43","guid":{"rendered":"https:\/\/gadlimoncocha.gob.ec\/?page_id=439"},"modified":"2024-01-30T21:09:34","modified_gmt":"2024-01-30T21:09:34","slug":"2020-2","status":"publish","type":"page","link":"https:\/\/gadlimoncocha.gob.ec\/?page_id=439","title":{"rendered":"2020"},"content":{"rendered":"\n<p><strong>Ley Org\u00e1nica de Transparencia y Acceso a la Informaci\u00f3n P\u00fablica Defensor\u00eda del Pueblo Art. 7.-<\/strong>&nbsp;Difusi\u00f3n de la Informaci\u00f3n P\u00fablica.- Por la transparencia en la gesti\u00f3n administrativa que est\u00e1n obligadas a observar todas las instituciones del Estado que conforman el sector p\u00fablico en los t\u00e9rminos del art\u00edculo 118 de la Constituci\u00f3n Pol\u00edtica de la Rep\u00fablica y dem\u00e1s entes se\u00f1alados en el art\u00edculo 1 de la presente Ley, difundir\u00e1n a trav\u00e9s de un portal de informaci\u00f3n o p\u00e1gina web, as\u00ed como de los medios necesarios a disposici\u00f3n del p\u00fablico, implementados en la misma instituci\u00f3n, la siguiente informaci\u00f3n m\u00ednima actualizada, que para efectos de esta Ley, se la considera de naturaleza obligatoria:<\/p>\n\n\n\n<p id=\"block-2e5faeee-948c-4055-9470-9e12fda079b4\"><strong><a href=\"http:\/\/gadprpompeya.gob.ec\/wp-content\/uploads\/2020\/01\/Literal_a1-Organigrama_de_la_institucion.xls\">Literal a1.\u2013 <\/a><\/strong><a href=\"https:\/\/gadlimoncocha.gob.ec\/wp-content\/uploads\/2022\/05\/literal-a1-organigrama-de-la-institucion-1.pdf\">Organigrama_de_la_instituci\u00f3n<\/a><\/p>\n\n\n\n<p id=\"block-cef5e6a5-4a74-467f-b732-607f7da999a0\"><strong><a href=\"http:\/\/gadprpompeya.gob.ec\/wp-content\/uploads\/2019\/06\/Libro-a2-base-legal.xlsx\">Literal a2.-<\/a> <\/strong>Base legal que rige a la instituci\u00f3n<\/p>\n\n\n\n<p id=\"block-a304fd2f-e7b6-4048-a779-3b48f8bbf253\"><strong><a href=\"http:\/\/www.dpe.gob.ec\/wp-content\/dpedocumentoslotaip\/lotaip2018\/Literal_a3-Regulaciones_y_procedimientos_internos.xls\">Literal a3.- <\/a>Regulaciones y procedimientos internos<\/strong><\/p>\n\n\n\n<p id=\"block-1b96c669-a935-4c56-a8b3-7f61869d5714\"><strong><a href=\"http:\/\/www.dpe.gob.ec\/wp-content\/dpedocumentoslotaip\/lotaip2018\/Literal_a4-Metas_y_objetivos_unidades_administrativas.xls\">Literal a4.-<\/a>&nbsp;Metas y objetivos unidades administrativas<\/strong><\/p>\n\n\n\n<p id=\"block-be0bbb0c-4c32-4778-acb5-2c549f91b3a8\"><strong><a href=\"http:\/\/www.dpe.gob.ec\/wp-content\/dpedocumentoslotaip\/lotaip2018\/Literal_b1-Directorio_de_la_institucion.xls\">Literal b1.-<\/a>&nbsp;Directorio de la Instituci\u00f3n<\/strong><\/p>\n\n\n\n<p id=\"block-18953684-b4ff-485f-b937-ef0193037bd2\"><strong><a href=\"http:\/\/www.dpe.gob.ec\/wp-content\/dpedocumentoslotaip\/lotaip2018\/Literal_b2-Distributivo_del_personal.xls\">Literal b2.-<\/a>&nbsp;Distributivo del Personal<\/strong><\/p>\n\n\n\n<p id=\"block-3f5f9688-4316-4969-be38-9e0aaa04f7da\"><strong><a href=\"http:\/\/www.dpe.gob.ec\/wp-content\/dpedocumentoslotaip\/lotaip2018\/Literal_c-Remuneracion_mensual_por_puesto.xls\">Literal c.<\/a>&#8211;&nbsp;Remuneraci\u00f3n mensual por puesto&nbsp;<\/strong><\/p>\n\n\n\n<p id=\"block-7b77dad1-0ce4-4952-9344-3ae7ed20d61d\"><strong><a href=\"http:\/\/www.dpe.gob.ec\/wp-content\/dpedocumentoslotaip\/lotaip2018\/Literal_d-Servicios_que_ofrece_y_las_formas_de_acceder_a_ellos.xls\">Literal d.-<\/a>&nbsp;Servicios que ofrece y la forma de acceder a ellos<\/strong>&nbsp;<\/p>\n\n\n\n<p id=\"block-8156a046-8407-498a-a061-383760b0dc89\"><strong><a href=\"http:\/\/www.dpe.gob.ec\/wp-content\/dpedocumentoslotaip\/lotaip2018\/Literal_e-Texto_integro_de_contratos_colectivos_vigentes.xls\">Literal e.<\/a>&#8211;&nbsp;<\/strong>Texto \u00edntegro de contratos colectivos vigentes<\/p>\n\n\n\n<p id=\"block-08a0bba5-d125-459d-81d4-f2bc2bb3b929\"><strong><a href=\"http:\/\/www.dpe.gob.ec\/wp-content\/dpedocumentoslotaip\/lotaip2018\/Literal_f1-Formularios_o_formatos_de_solicitudes.xls\">Literal f1.-<\/a>&nbsp;Formularios o formatos de solicitudes<\/strong><\/p>\n\n\n\n<p id=\"block-ced62305-7cc9-4059-8abd-14a476b96cf3\"><strong><a href=\"http:\/\/www.dpe.gob.ec\/wp-content\/dpedocumentoslotaip\/lotaip2018\/Literal_f2-Formulario_solicitud_acceso_a_la_informacion_publica.docx\">Literal f2.-<\/a>&nbsp;Formulario solicitud acceso a la informaci\u00f3n p\u00fablica<\/strong><\/p>\n\n\n\n<p id=\"block-f069cc33-35da-4be0-8a76-c54dfe27b6cc\"><strong><a href=\"http:\/\/www.dpe.gob.ec\/wp-content\/dpedocumentoslotaip\/lotaip2018\/Literal_g-Presupuesto_de_la_institucion.xls\">Literal g.-<\/a>&nbsp;<\/strong>Presupuesto de la Instituci\u00f3n<\/p>\n\n\n\n<p id=\"block-39316bdc-5543-429b-8437-d4664dc3a498\"><a href=\"http:\/\/www.dpe.gob.ec\/wp-content\/dpedocumentoslotaip\/lotaip2018\/Literal_h-Resultados_de_auditorias_internas_y_gubernamentales.xls\">Literal h.-<\/a>&nbsp;Resultados de auditorias&nbsp;internas y&nbsp;Gubernamentales<\/p>\n\n\n\n<p id=\"block-e992a6a4-1d2f-436a-ae6f-7673ac1bebff\"><a href=\"http:\/\/www.dpe.gob.ec\/wp-content\/dpedocumentoslotaip\/lotaip2018\/Literal_i-Procesos_de_contrataciones.xls\"><strong>Literal i.-<\/strong><\/a>&nbsp;Procesos de contrataciones<\/p>\n\n\n\n<p id=\"block-8ec304c3-0e44-4383-b4c6-74e3620e1110\"><strong><a href=\"http:\/\/www.dpe.gob.ec\/wp-content\/dpedocumentoslotaip\/lotaip2018\/Literal_j-Empresas_y_personas_que_han_incumplido_contratos.xls\">Literal j.-<\/a>&nbsp;<\/strong>Empresas y personas que han incumplido contratos<\/p>\n\n\n\n<p id=\"block-925187dc-bf50-4d84-95b8-b9ebf9f21e9a\"><strong><a href=\"http:\/\/www.dpe.gob.ec\/wp-content\/dpedocumentoslotaip\/lotaip2018\/Literal_k-Planes_y_programas_en_ejecucion.xls\">Literal k.-<\/a>&nbsp;<\/strong>Planes y programas en ejecuci\u00f3n<\/p>\n\n\n\n<p id=\"block-0b4195d3-ffbc-42c1-a9ab-3259c3e01418\"><strong><a href=\"http:\/\/www.dpe.gob.ec\/wp-content\/dpedocumentoslotaip\/lotaip2018\/Literal_l-Contratos_de_credito_externos_o_internos.xls\">Literal l.-<\/a>&nbsp;<\/strong>Contratos de cr\u00e9dito externos o internos<\/p>\n\n\n\n<p id=\"block-bc67f83a-c304-4e8e-b4e4-2426dc48d1c0\"><strong><a href=\"http:\/\/www.dpe.gob.ec\/wp-content\/dpedocumentoslotaip\/lotaip2018\/Literal_m-Mecanismos_de_rendicion_de_cuentas_a_la_ciudadania.xls\">Literal m.-<\/a><\/strong> Mecanismos de rendici\u00f3n de cuentas a la ciudadan\u00eda, tales como metas e informes de gesti\u00f3n e indicadores de desempe\u00f1o eral&nbsp;<\/p>\n\n\n\n<p id=\"block-dc258e71-06bf-47ff-b695-339ea2ff974c\"><strong><a href=\"http:\/\/www.dpe.gob.ec\/wp-content\/dpedocumentoslotaip\/lotaip2018\/Literal_n-Viaticos_informes_de_trabajo_y_justificativos.xls\">Literal n.-<\/a>&nbsp;<\/strong>Vi\u00e1ticos, informes de trabajo y justificativos(no aplica)<\/p>\n\n\n\n<p id=\"block-693d7857-f82a-48ae-8987-ad5787616155\"><strong><a href=\"http:\/\/www.dpe.gob.ec\/wp-content\/dpedocumentoslotaip\/lotaip2018\/Literal_o-Responsable_de_atender_la_informacion_publica.xls\">Literal o.-<\/a>&nbsp;Responsable de atender la informaci\u00f3n p\u00fablica<\/strong><\/p>\n\n\n\n<p id=\"block-9de2bc54-9adc-4ae6-a5e8-6a8a7dae705e\"><strong><a href=\"http:\/\/www.dpe.gob.ec\/wp-content\/dpedocumentoslotaip\/lotaip2018\/Literal_s-Organismos_seccionales_resoluciones_actas_y_planes_de_desarrollo.xlsx\">Literal s.-<\/a><\/strong>&nbsp;<strong>Organismos seccionales, resoluciones, actas y planes de desarroll<\/strong>a<\/p>\n\n\n\n<div class=\"wp-block-columns is-layout-flex wp-container-core-columns-is-layout-9d6595d7 wp-block-columns-is-layout-flex\">\n<div class=\"wp-block-column is-layout-flow wp-block-column-is-layout-flow\">\n<p><strong><a href=\"http:\/\/www.dpe.gob.ec\/wp-content\/dpedocumentoslotaip\/lotaip2018\/Literal_s-Organismos_seccionales_resoluciones_actas_y_planes_de_desarrollo.xlsx\">Literal s.-<\/a><\/strong>\u00a0<strong>Organismos seccionales, resoluciones,  actas y planes de desarroll<\/strong>o<\/p>\n<\/div>\n\n\n\n<div class=\"wp-block-column is-layout-flow wp-block-column-is-layout-flow\">\n<div class=\"wp-block-columns is-layout-flex wp-container-core-columns-is-layout-9d6595d7 wp-block-columns-is-layout-flex\">\n<div class=\"wp-block-column is-layout-flow wp-block-column-is-layout-flow\"><\/div>\n<\/div>\n<\/div>\n<\/div>\n","protected":false},"excerpt":{"rendered":"<p>Ley Org\u00e1nica de Transparencia y Acceso a la Informaci\u00f3n P\u00fablica Defensor\u00eda del Pueblo Art. 7.-&nbsp;Difusi\u00f3n de la Informaci\u00f3n P\u00fablica.- Por la transparencia en la gesti\u00f3n administrativa que est\u00e1n obligadas a observar todas las instituciones del Estado que conforman el sector p\u00fablico en los t\u00e9rminos del art\u00edculo 118 de la Constituci\u00f3n<\/p>\n","protected":false},"author":1,"featured_media":0,"parent":0,"menu_order":0,"comment_status":"closed","ping_status":"closed","template":"","meta":{"footnotes":""},"class_list":["post-439","page","type-page","status-publish","hentry"],"jetpack_sharing_enabled":true,"_links":{"self":[{"href":"https:\/\/gadlimoncocha.gob.ec\/index.php?rest_route=\/wp\/v2\/pages\/439","targetHints":{"allow":["GET"]}}],"collection":[{"href":"https:\/\/gadlimoncocha.gob.ec\/index.php?rest_route=\/wp\/v2\/pages"}],"about":[{"href":"https:\/\/gadlimoncocha.gob.ec\/index.php?rest_route=\/wp\/v2\/types\/page"}],"author":[{"embeddable":true,"href":"https:\/\/gadlimoncocha.gob.ec\/index.php?rest_route=\/wp\/v2\/users\/1"}],"replies":[{"embeddable":true,"href":"https:\/\/gadlimoncocha.gob.ec\/index.php?rest_route=%2Fwp%2Fv2%2Fcomments&post=439"}],"version-history":[{"count":10,"href":"https:\/\/gadlimoncocha.gob.ec\/index.php?rest_route=\/wp\/v2\/pages\/439\/revisions"}],"predecessor-version":[{"id":1181,"href":"https:\/\/gadlimoncocha.gob.ec\/index.php?rest_route=\/wp\/v2\/pages\/439\/revisions\/1181"}],"wp:attachment":[{"href":"https:\/\/gadlimoncocha.gob.ec\/index.php?rest_route=%2Fwp%2Fv2%2Fmedia&parent=439"}],"curies":[{"name":"wp","href":"https:\/\/api.w.org\/{rel}","templated":true}]}}