{"id":1213,"date":"2024-02-06T20:52:59","date_gmt":"2024-02-06T20:52:59","guid":{"rendered":"https:\/\/gadlimoncocha.gob.ec\/?page_id=1213"},"modified":"2024-07-01T15:35:53","modified_gmt":"2024-07-01T15:35:53","slug":"cpccs-2023","status":"publish","type":"page","link":"https:\/\/gadlimoncocha.gob.ec\/?page_id=1213","title":{"rendered":"CPCCS 2023"},"content":{"rendered":"\n<div data-wp-interactive=\"core\/file\" class=\"wp-block-file\"><object data-wp-bind--hidden=\"!state.hasPdfPreview\" hidden class=\"wp-block-file__embed\" data=\"https:\/\/gadlimoncocha.gob.ec\/wp-content\/uploads\/2024\/02\/RESOLUCION-No.-CPCCS-PLE-SG-069-2021-476.pdf\" type=\"application\/pdf\" style=\"width:100%;height:600px\" aria-label=\"Incrustado de RESOLUCION-No.-CPCCS-PLE-SG-069-2021-476.\"><\/object><a id=\"wp-block-file--media-05430d31-c93d-467c-a98f-e3934920118b\" href=\"https:\/\/gadlimoncocha.gob.ec\/wp-content\/uploads\/2024\/02\/RESOLUCION-No.-CPCCS-PLE-SG-069-2021-476.pdf\">RESOLUCION-No.-CPCCS-PLE-SG-069-2021-476<\/a><a href=\"https:\/\/gadlimoncocha.gob.ec\/wp-content\/uploads\/2024\/02\/RESOLUCION-No.-CPCCS-PLE-SG-069-2021-476.pdf\" class=\"wp-block-file__button wp-element-button\" download aria-describedby=\"wp-block-file--media-05430d31-c93d-467c-a98f-e3934920118b\">Descarga<\/a><\/div>\n\n\n\n<p><strong>CALCULO DEFINITIVO 2023<\/strong><\/p>\n\n\n\n<div data-wp-interactive=\"core\/file\" class=\"wp-block-file\"><object data-wp-bind--hidden=\"!state.hasPdfPreview\" hidden class=\"wp-block-file__embed\" data=\"https:\/\/gadlimoncocha.gob.ec\/wp-content\/uploads\/2024\/06\/ESTIMACION-2023.pdf\" type=\"application\/pdf\" style=\"width:100%;height:600px\" aria-label=\"Incrustado de ESTIMACION-2023.\"><\/object><a id=\"wp-block-file--media-36597fd3-92b0-44de-8ccf-682441d38d34\" href=\"https:\/\/gadlimoncocha.gob.ec\/wp-content\/uploads\/2024\/06\/ESTIMACION-2023.pdf\">ESTIMACION-2023<\/a><a href=\"https:\/\/gadlimoncocha.gob.ec\/wp-content\/uploads\/2024\/06\/ESTIMACION-2023.pdf\" class=\"wp-block-file__button wp-element-button\" download aria-describedby=\"wp-block-file--media-36597fd3-92b0-44de-8ccf-682441d38d34\">Descarga<\/a><\/div>\n\n\n\n<p><a href=\"https:\/\/www.facebook.com\/photo\/?fbid=122124151124270642&amp;set=a.122112848960270642&amp;notif_id=1716829022407013&amp;notif_t=feedback_reaction_generic&amp;ref=notif\">CONVOCATORIA<\/a><\/p>\n\n\n\n<p>Equipo de Rendici\u00f3n de Cuenta <\/p>\n\n\n\n<div data-wp-interactive=\"core\/file\" class=\"wp-block-file\"><object data-wp-bind--hidden=\"!state.hasPdfPreview\" hidden class=\"wp-block-file__embed\" data=\"https:\/\/gadlimoncocha.gob.ec\/wp-content\/uploads\/2024\/04\/RESOLUCION-CONF.EQUIPO-DE-RENDICION-DE-CUENTAS-2023.pdf\" type=\"application\/pdf\" style=\"width:100%;height:600px\" aria-label=\"Incrustado de RESOLUCION-CONF.EQUIPO-DE-RENDICION-DE-CUENTAS-2023.\"><\/object><a id=\"wp-block-file--media-c42226e9-9652-4596-bc3c-cdaa04a6b577\" href=\"https:\/\/gadlimoncocha.gob.ec\/wp-content\/uploads\/2024\/04\/RESOLUCION-CONF.EQUIPO-DE-RENDICION-DE-CUENTAS-2023.pdf\">RESOLUCION-CONF.EQUIPO-DE-RENDICION-DE-CUENTAS-2023<\/a><a href=\"https:\/\/gadlimoncocha.gob.ec\/wp-content\/uploads\/2024\/04\/RESOLUCION-CONF.EQUIPO-DE-RENDICION-DE-CUENTAS-2023.pdf\" class=\"wp-block-file__button wp-element-button\" download aria-describedby=\"wp-block-file--media-c42226e9-9652-4596-bc3c-cdaa04a6b577\">Descarga<\/a><\/div>\n\n\n\n<p> <div class=\"wp-block-file\"><a id=\"wp-block-file--media-2ac9341a-b877-44f5-887e-ad7db409853a\" href=\"https:\/\/gadlimoncocha.gob.ec\/wp-content\/uploads\/2024\/04\/MAPEO-DE-ACTORES-SOCIALES.pdf\">MAPEO-DE-ACTORES-SOCIALESDescarga<\/a><\/div> <\/p>\n\n\n\n\n\n<p>Planificaci\u00f3n y facilitaci\u00f3n de proceso <\/p>\n\n\n\n<div data-wp-interactive=\"core\/file\" class=\"wp-block-file\"><object data-wp-bind--hidden=\"!state.hasPdfPreview\" hidden class=\"wp-block-file__embed\" data=\"https:\/\/gadlimoncocha.gob.ec\/wp-content\/uploads\/2024\/04\/MAPEO-DE-ACTORES-SOCIALES.pdf\" type=\"application\/pdf\" style=\"width:100%;height:600px\" aria-label=\"Incrustado de MAPEO-DE-ACTORES-SOCIALES.\"><\/object><a id=\"wp-block-file--media-2ac9341a-b877-44f5-887e-ad7db409853a\" href=\"https:\/\/gadlimoncocha.gob.ec\/wp-content\/uploads\/2024\/04\/MAPEO-DE-ACTORES-SOCIALES.pdf\">MAPEO-DE-ACTORES-SOCIALES<\/a><a href=\"https:\/\/gadlimoncocha.gob.ec\/wp-content\/uploads\/2024\/04\/MAPEO-DE-ACTORES-SOCIALES.pdf\" class=\"wp-block-file__button wp-element-button\" download aria-describedby=\"wp-block-file--media-2ac9341a-b877-44f5-887e-ad7db409853a\">Descarga<\/a><\/div>\n\n\n\n<div data-wp-interactive=\"core\/file\" class=\"wp-block-file\"><object data-wp-bind--hidden=\"!state.hasPdfPreview\" hidden class=\"wp-block-file__embed\" data=\"https:\/\/gadlimoncocha.gob.ec\/wp-content\/uploads\/2024\/04\/OFICIO-ENTREGA-DE-INFORMACION-ALC.pdf\" type=\"application\/pdf\" style=\"width:100%;height:600px\" aria-label=\"Incrustado de OFICIO-ENTREGA-DE-INFORMACION-ALC.\"><\/object><a id=\"wp-block-file--media-0b601afc-1ef5-45f3-b3b4-c53434dacf55\" href=\"https:\/\/gadlimoncocha.gob.ec\/wp-content\/uploads\/2024\/04\/OFICIO-ENTREGA-DE-INFORMACION-ALC.pdf\">OFICIO-ENTREGA-DE-INFORMACION-ALC<\/a><a href=\"https:\/\/gadlimoncocha.gob.ec\/wp-content\/uploads\/2024\/04\/OFICIO-ENTREGA-DE-INFORMACION-ALC.pdf\" class=\"wp-block-file__button wp-element-button\" download aria-describedby=\"wp-block-file--media-0b601afc-1ef5-45f3-b3b4-c53434dacf55\">Descarga<\/a><\/div>\n\n\n\n<div data-wp-interactive=\"core\/file\" class=\"wp-block-file\"><object data-wp-bind--hidden=\"!state.hasPdfPreview\" hidden class=\"wp-block-file__embed\" data=\"https:\/\/gadlimoncocha.gob.ec\/wp-content\/uploads\/2024\/04\/PLAN-DE-TRABAJO-PRESIDENTE_opt_compressed.pdf\" type=\"application\/pdf\" style=\"width:100%;height:600px\" aria-label=\"Incrustado de PLAN-DE-TRABAJO-PRESIDENTE_opt_compressed.\"><\/object><a id=\"wp-block-file--media-4d0ebfd6-9940-4701-97ca-3112174c88f5\" href=\"https:\/\/gadlimoncocha.gob.ec\/wp-content\/uploads\/2024\/04\/PLAN-DE-TRABAJO-PRESIDENTE_opt_compressed.pdf\">PLAN-DE-TRABAJO-PRESIDENTE_opt_compressed<\/a><a href=\"https:\/\/gadlimoncocha.gob.ec\/wp-content\/uploads\/2024\/04\/PLAN-DE-TRABAJO-PRESIDENTE_opt_compressed.pdf\" class=\"wp-block-file__button wp-element-button\" download aria-describedby=\"wp-block-file--media-4d0ebfd6-9940-4701-97ca-3112174c88f5\">Descarg<\/a><\/div>\n\n\n\n<div class=\"wp-block-columns is-layout-flex wp-container-core-columns-is-layout-9d6595d7 wp-block-columns-is-layout-flex\">\n<div class=\"wp-block-column is-layout-flow wp-block-column-is-layout-flow\" style=\"flex-basis:100%\">\n<div data-wp-interactive=\"core\/file\" class=\"wp-block-file\"><object data-wp-bind--hidden=\"!state.hasPdfPreview\" hidden class=\"wp-block-file__embed\" data=\"https:\/\/gadlimoncocha.gob.ec\/wp-content\/uploads\/2024\/06\/PLAN-DE-TRABAJO-LIMONCOCHA.pdf\" type=\"application\/pdf\" style=\"width:100%;height:600px\" aria-label=\"Incrustado de PLAN DE TRABAJO LIMONCOCHA.\"><\/object><a id=\"wp-block-file--media-4d0ebfd6-9940-4701-97ca-3112174c88f5\" href=\"https:\/\/gadlimoncocha.gob.ec\/wp-content\/uploads\/2024\/06\/PLAN-DE-TRABAJO-LIMONCOCHA.pdf\">PLAN DE TRABAJO LIMONCOCHA<\/a><a href=\"https:\/\/gadlimoncocha.gob.ec\/wp-content\/uploads\/2024\/06\/PLAN-DE-TRABAJO-LIMONCOCHA.pdf\" class=\"wp-block-file__button wp-element-button\" download aria-describedby=\"wp-block-file--media-4d0ebfd6-9940-4701-97ca-3112174c88f5\">Descarg<\/a><\/div>\n\n\n\n<div data-wp-interactive=\"core\/file\" class=\"wp-block-file\"><object data-wp-bind--hidden=\"!state.hasPdfPreview\" hidden class=\"wp-block-file__embed\" data=\"https:\/\/gadlimoncocha.gob.ec\/wp-content\/uploads\/2024\/06\/REGISTRO-DE-ASISTENCIA-D.PUBLICA-2.pdf\" type=\"application\/pdf\" style=\"width:100%;height:600px\" aria-label=\"Incrustado de REGISTRO DE ASISTENCIA D.PUBLICA (2).\"><\/object><a id=\"wp-block-file--media-99664b50-ee99-4acd-bb5a-03d8fcabb106\" href=\"https:\/\/gadlimoncocha.gob.ec\/wp-content\/uploads\/2024\/06\/REGISTRO-DE-ASISTENCIA-D.PUBLICA-2.pdf\">REGISTRO DE ASISTENCIA D.PUBLICA (2)<\/a><a href=\"https:\/\/gadlimoncocha.gob.ec\/wp-content\/uploads\/2024\/06\/REGISTRO-DE-ASISTENCIA-D.PUBLICA-2.pdf\" class=\"wp-block-file__button wp-element-button\" download aria-describedby=\"wp-block-file--media-99664b50-ee99-4acd-bb5a-03d8fcabb106\">Descarga<\/a><\/div>\n<\/div>\n<\/div>\n\n\n\n<div data-wp-interactive=\"core\/file\" class=\"wp-block-file\"><object data-wp-bind--hidden=\"!state.hasPdfPreview\" hidden class=\"wp-block-file__embed\" data=\"https:\/\/gadlimoncocha.gob.ec\/wp-content\/uploads\/2024\/06\/REGISTRO-DE-ENTREGA-DE-CONVVOCATORIA-D.PUBLICA-1.pdf\" type=\"application\/pdf\" style=\"width:100%;height:600px\" aria-label=\"Incrustado de REGISTRO DE ENTREGA DE CONVVOCATORIA D.PUBLICA.\"><\/object><a id=\"wp-block-file--media-5caa603c-bb54-4c63-9689-554abfe84f1b\" href=\"https:\/\/gadlimoncocha.gob.ec\/wp-content\/uploads\/2024\/06\/REGISTRO-DE-ENTREGA-DE-CONVVOCATORIA-D.PUBLICA-1.pdf\">REGISTRO DE ENTREGA DE CONVVOCATORIA D.PUBLICA<\/a><a href=\"https:\/\/gadlimoncocha.gob.ec\/wp-content\/uploads\/2024\/06\/REGISTRO-DE-ENTREGA-DE-CONVVOCATORIA-D.PUBLICA-1.pdf\" class=\"wp-block-file__button wp-element-button\" download aria-describedby=\"wp-block-file--media-5caa603c-bb54-4c63-9689-554abfe84f1b\">Descarga<\/a><\/div>\n\n\n\n<div data-wp-interactive=\"core\/file\" class=\"wp-block-file\"><object data-wp-bind--hidden=\"!state.hasPdfPreview\" hidden class=\"wp-block-file__embed\" data=\"https:\/\/gadlimoncocha.gob.ec\/wp-content\/uploads\/2024\/06\/APORTE-CIUDADANO-1.pdf\" type=\"application\/pdf\" style=\"width:100%;height:600px\" aria-label=\"Incrustado de APORTE CIUDADANO.\"><\/object><a id=\"wp-block-file--media-00a72ca8-bc75-4969-8f28-b0d3d2fc3832\" href=\"https:\/\/gadlimoncocha.gob.ec\/wp-content\/uploads\/2024\/06\/APORTE-CIUDADANO-1.pdf\">APORTE CIUDADANO<\/a><a href=\"https:\/\/gadlimoncocha.gob.ec\/wp-content\/uploads\/2024\/06\/APORTE-CIUDADANO-1.pdf\" class=\"wp-block-file__button wp-element-button\" download aria-describedby=\"wp-block-file--media-00a72ca8-bc75-4969-8f28-b0d3d2fc3832\">Descarga<\/a><\/div>\n\n\n\n<div data-wp-interactive=\"core\/file\" class=\"wp-block-file\"><object data-wp-bind--hidden=\"!state.hasPdfPreview\" hidden class=\"wp-block-file__embed\" data=\"https:\/\/gadlimoncocha.gob.ec\/wp-content\/uploads\/2024\/06\/PRESENTACION_RENDICION_DE_CUENTA_2023.pdf\" type=\"application\/pdf\" style=\"width:100%;height:600px\" aria-label=\"Incrustado de PRESENTACI\u00d3N_RENDICI\u00d3N_DE_CUENTA_2023.\"><\/object><a id=\"wp-block-file--media-05c20fa2-b2d8-4283-9d7e-914826d9cdd6\" href=\"https:\/\/gadlimoncocha.gob.ec\/wp-content\/uploads\/2024\/06\/PRESENTACION_RENDICION_DE_CUENTA_2023.pdf\">PRESENTACI\u00d3N_RENDICI\u00d3N_DE_CUENTA_2023<\/a><a href=\"https:\/\/gadlimoncocha.gob.ec\/wp-content\/uploads\/2024\/06\/PRESENTACION_RENDICION_DE_CUENTA_2023.pdf\" class=\"wp-block-file__button wp-element-button\" download aria-describedby=\"wp-block-file--media-05c20fa2-b2d8-4283-9d7e-914826d9cdd6\">Descarga<\/a><\/div>\n\n\n\n<p><a href=\"https:\/\/www.facebook.com\/watch\/live\/?ref=watch_permalink&amp;v=465529886167985\">VIDEO RENDICION DE CUENTA 2023<\/a><\/p>\n\n\n\n<div data-wp-interactive=\"core\/file\" class=\"wp-block-file\"><object data-wp-bind--hidden=\"!state.hasPdfPreview\" hidden class=\"wp-block-file__embed\" data=\"https:\/\/gadlimoncocha.gob.ec\/wp-content\/uploads\/2024\/06\/CONFORMACION_ASAMBLEA_CIUDADANA.pdf\" type=\"application\/pdf\" style=\"width:100%;height:600px\" aria-label=\"Incrustado de CONFORMACION_ASAMBLEA_CIUDADANA.\"><\/object><a id=\"wp-block-file--media-07f97cac-1e49-495f-8b29-bc67c2b47c0b\" href=\"https:\/\/gadlimoncocha.gob.ec\/wp-content\/uploads\/2024\/06\/CONFORMACION_ASAMBLEA_CIUDADANA.pdf\">CONFORMACION_ASAMBLEA_CIUDADANA<\/a><a href=\"https:\/\/gadlimoncocha.gob.ec\/wp-content\/uploads\/2024\/06\/CONFORMACION_ASAMBLEA_CIUDADANA.pdf\" class=\"wp-block-file__button wp-element-button\" download aria-describedby=\"wp-block-file--media-07f97cac-1e49-495f-8b29-bc67c2b47c0b\">Descarga<\/a><\/div>\n\n\n\n<div data-wp-interactive=\"core\/file\" class=\"wp-block-file\"><object data-wp-bind--hidden=\"!state.hasPdfPreview\" hidden class=\"wp-block-file__embed\" data=\"https:\/\/gadlimoncocha.gob.ec\/wp-content\/uploads\/2024\/06\/COMISION-MIXTA-DE-RENDICION-DE-CUENTAS-2023.pdf\" type=\"application\/pdf\" style=\"width:100%;height:600px\" aria-label=\"Incrustado de COMISION MIXTA DE RENDICION DE CUENTAS 2023.\"><\/object><a id=\"wp-block-file--media-658a6273-ed42-4ceb-8d5c-a6df3b7b60b1\" href=\"https:\/\/gadlimoncocha.gob.ec\/wp-content\/uploads\/2024\/06\/COMISION-MIXTA-DE-RENDICION-DE-CUENTAS-2023.pdf\">COMISION MIXTA DE RENDICION DE CUENTAS 2023<\/a><a href=\"https:\/\/gadlimoncocha.gob.ec\/wp-content\/uploads\/2024\/06\/COMISION-MIXTA-DE-RENDICION-DE-CUENTAS-2023.pdf\" class=\"wp-block-file__button wp-element-button\" download aria-describedby=\"wp-block-file--media-658a6273-ed42-4ceb-8d5c-a6df3b7b60b1\">Descarga<\/a><\/div>\n\n\n\n<div data-wp-interactive=\"core\/file\" class=\"wp-block-file\"><object data-wp-bind--hidden=\"!state.hasPdfPreview\" hidden class=\"wp-block-file__embed\" data=\"https:\/\/gadlimoncocha.gob.ec\/wp-content\/uploads\/2024\/06\/FORMATO-DE-APORTE-CIUDADANO.pdf\" type=\"application\/pdf\" style=\"width:100%;height:600px\" aria-label=\"Incrustado de FORMATO DE APORTE CIUDADANO.\"><\/object><a id=\"wp-block-file--media-c3bf797c-e3f6-467a-aad0-1e95f6156f53\" href=\"https:\/\/gadlimoncocha.gob.ec\/wp-content\/uploads\/2024\/06\/FORMATO-DE-APORTE-CIUDADANO.pdf\">FORMATO DE APORTE CIUDADANO<\/a><a href=\"https:\/\/gadlimoncocha.gob.ec\/wp-content\/uploads\/2024\/06\/FORMATO-DE-APORTE-CIUDADANO.pdf\" class=\"wp-block-file__button wp-element-button\" download aria-describedby=\"wp-block-file--media-c3bf797c-e3f6-467a-aad0-1e95f6156f53\">Descarga<\/a><\/div>\n\n\n\n<div data-wp-interactive=\"core\/file\" class=\"wp-block-file\"><object data-wp-bind--hidden=\"!state.hasPdfPreview\" hidden class=\"wp-block-file__embed\" data=\"https:\/\/gadlimoncocha.gob.ec\/wp-content\/uploads\/2024\/06\/AGENDA-DE-DELIBERACION-PUBLICA-RC-2023.pdf\" type=\"application\/pdf\" style=\"width:100%;height:600px\" aria-label=\"Incrustado de AGENDA DE DELIBERACION PUBLICA RC 2023.\"><\/object><a id=\"wp-block-file--media-e82e7818-3ef0-4cc1-8cf4-2083ff646fcb\" href=\"https:\/\/gadlimoncocha.gob.ec\/wp-content\/uploads\/2024\/06\/AGENDA-DE-DELIBERACION-PUBLICA-RC-2023.pdf\">AGENDA DE DELIBERACION PUBLICA RC 2023<\/a><a href=\"https:\/\/gadlimoncocha.gob.ec\/wp-content\/uploads\/2024\/06\/AGENDA-DE-DELIBERACION-PUBLICA-RC-2023.pdf\" class=\"wp-block-file__button wp-element-button\" download aria-describedby=\"wp-block-file--media-e82e7818-3ef0-4cc1-8cf4-2083ff646fcb\">Descarga<\/a><\/div>\n\n\n\n<div data-wp-interactive=\"core\/file\" class=\"wp-block-file\"><object data-wp-bind--hidden=\"!state.hasPdfPreview\" hidden class=\"wp-block-file__embed\" data=\"https:\/\/gadlimoncocha.gob.ec\/wp-content\/uploads\/2024\/06\/INVITACIONES-RC_compressed.pdf\" type=\"application\/pdf\" style=\"width:100%;height:600px\" aria-label=\"Incrustado de INVITACIONES RC_compressed.\"><\/object><a id=\"wp-block-file--media-8a64324c-b7ae-49f3-ad48-43b74a53de13\" href=\"https:\/\/gadlimoncocha.gob.ec\/wp-content\/uploads\/2024\/06\/INVITACIONES-RC_compressed.pdf\">INVITACIONES RC_compressed<\/a><a href=\"https:\/\/gadlimoncocha.gob.ec\/wp-content\/uploads\/2024\/06\/INVITACIONES-RC_compressed.pdf\" class=\"wp-block-file__button wp-element-button\" download aria-describedby=\"wp-block-file--media-8a64324c-b7ae-49f3-ad48-43b74a53de13\">Descarga<\/a><\/div>\n\n\n\n<div data-wp-interactive=\"core\/file\" class=\"wp-block-file\"><object data-wp-bind--hidden=\"!state.hasPdfPreview\" hidden class=\"wp-block-file__embed\" data=\"https:\/\/gadlimoncocha.gob.ec\/wp-content\/uploads\/2024\/06\/PREGUNTAS-PLANTEADAS-POR-LA-CIUDADANIA-ACL.pdf\" type=\"application\/pdf\" style=\"width:100%;height:600px\" aria-label=\"Incrustado de PREGUNTAS PLANTEADAS POR LA CIUDADANIA ACL.\"><\/object><a id=\"wp-block-file--media-a8537a67-7d71-4e57-b6fb-1b5333a86f2a\" href=\"https:\/\/gadlimoncocha.gob.ec\/wp-content\/uploads\/2024\/06\/PREGUNTAS-PLANTEADAS-POR-LA-CIUDADANIA-ACL.pdf\">PREGUNTAS PLANTEADAS POR LA CIUDADANIA ACL<\/a><a href=\"https:\/\/gadlimoncocha.gob.ec\/wp-content\/uploads\/2024\/06\/PREGUNTAS-PLANTEADAS-POR-LA-CIUDADANIA-ACL.pdf\" class=\"wp-block-file__button wp-element-button\" download aria-describedby=\"wp-block-file--media-a8537a67-7d71-4e57-b6fb-1b5333a86f2a\">Descarga<\/a><\/div>\n\n\n\n<div data-wp-interactive=\"core\/file\" class=\"wp-block-file\"><object data-wp-bind--hidden=\"!state.hasPdfPreview\" hidden class=\"wp-block-file__embed\" data=\"https:\/\/gadlimoncocha.gob.ec\/wp-content\/uploads\/2024\/06\/INFORME_PRELIMINAR_RC_2023_GADPRL11-1.pdf\" type=\"application\/pdf\" style=\"width:100%;height:600px\" aria-label=\"Incrustado de INFORME_PRELIMINAR_RC_2023_GADPRL(1)(1) (1).\"><\/object><a id=\"wp-block-file--media-0ad41450-12ca-4147-9e4a-1ea737277084\" href=\"https:\/\/gadlimoncocha.gob.ec\/wp-content\/uploads\/2024\/06\/INFORME_PRELIMINAR_RC_2023_GADPRL11-1.pdf\">INFORME_PRELIMINAR_RC_2023_GADPRL(1)(1) (1)<\/a><a href=\"https:\/\/gadlimoncocha.gob.ec\/wp-content\/uploads\/2024\/06\/INFORME_PRELIMINAR_RC_2023_GADPRL11-1.pdf\" class=\"wp-block-file__button wp-element-button\" download aria-describedby=\"wp-block-file--media-0ad41450-12ca-4147-9e4a-1ea737277084\">Descarga<\/a><\/div>\n\n\n\n<div data-wp-interactive=\"core\/file\" class=\"wp-block-file\"><object data-wp-bind--hidden=\"!state.hasPdfPreview\" hidden class=\"wp-block-file__embed\" data=\"https:\/\/gadlimoncocha.gob.ec\/wp-content\/uploads\/2024\/06\/ENTREGA-ACTA-DE-COMPROMISO-ACL.pdf\" type=\"application\/pdf\" style=\"width:100%;height:600px\" aria-label=\"Incrustado de ENTREGA ACTA DE COMPROMISO ACL.\"><\/object><a id=\"wp-block-file--media-81c5d961-18f2-4bd9-81dc-b3b1cad8b0d3\" href=\"https:\/\/gadlimoncocha.gob.ec\/wp-content\/uploads\/2024\/06\/ENTREGA-ACTA-DE-COMPROMISO-ACL.pdf\">ENTREGA ACTA DE COMPROMISO ACL<\/a><a href=\"https:\/\/gadlimoncocha.gob.ec\/wp-content\/uploads\/2024\/06\/ENTREGA-ACTA-DE-COMPROMISO-ACL.pdf\" class=\"wp-block-file__button wp-element-button\" download aria-describedby=\"wp-block-file--media-81c5d961-18f2-4bd9-81dc-b3b1cad8b0d3\">Descarga<\/a><\/div>\n\n\n\n<div data-wp-interactive=\"core\/file\" class=\"wp-block-file\"><object data-wp-bind--hidden=\"!state.hasPdfPreview\" hidden class=\"wp-block-file__embed\" data=\"https:\/\/gadlimoncocha.gob.ec\/wp-content\/uploads\/2024\/06\/ACTA-DE-COMPROMISO-RC.pdf\" type=\"application\/pdf\" style=\"width:100%;height:600px\" aria-label=\"Incrustado de ACTA-DE-COMPROMISO-RC.\"><\/object><a id=\"wp-block-file--media-e4178778-67a7-47d7-96b2-d3089dd6d8d2\" href=\"https:\/\/gadlimoncocha.gob.ec\/wp-content\/uploads\/2024\/06\/ACTA-DE-COMPROMISO-RC.pdf\">ACTA-DE-COMPROMISO-RC<\/a><a href=\"https:\/\/gadlimoncocha.gob.ec\/wp-content\/uploads\/2024\/06\/ACTA-DE-COMPROMISO-RC.pdf\" class=\"wp-block-file__button wp-element-button\" download aria-describedby=\"wp-block-file--media-e4178778-67a7-47d7-96b2-d3089dd6d8d2\">Descarga<\/a><\/div>\n\n\n\n<div data-wp-interactive=\"core\/file\" class=\"wp-block-file\"><object data-wp-bind--hidden=\"!state.hasPdfPreview\" hidden class=\"wp-block-file__embed\" data=\"https:\/\/gadlimoncocha.gob.ec\/wp-content\/uploads\/2024\/07\/ReporteInformeGad-2.pdf\" type=\"application\/pdf\" style=\"width:100%;height:600px\" aria-label=\"Incrustado de ReporteInformeGad (2).\"><\/object><a id=\"wp-block-file--media-0ff311fd-23f5-431f-91e0-2fb80e9ea07f\" href=\"https:\/\/gadlimoncocha.gob.ec\/wp-content\/uploads\/2024\/07\/ReporteInformeGad-2.pdf\">ReporteInformeGad (2)<\/a><a href=\"https:\/\/gadlimoncocha.gob.ec\/wp-content\/uploads\/2024\/07\/ReporteInformeGad-2.pdf\" class=\"wp-block-file__button wp-element-button\" download aria-describedby=\"wp-block-file--media-0ff311fd-23f5-431f-91e0-2fb80e9ea07f\">Descarga<\/a><\/div>\n","protected":false},"excerpt":{"rendered":"<p>CALCULO DEFINITIVO 2023 CONVOCATORIA Equipo de Rendici\u00f3n de Cuenta MAPEO-DE-ACTORES-SOCIALESDescarga Planificaci\u00f3n y facilitaci\u00f3n de proceso VIDEO RENDICION DE CUENTA 2023<\/p>\n","protected":false},"author":1,"featured_media":0,"parent":0,"menu_order":0,"comment_status":"closed","ping_status":"closed","template":"","meta":{"footnotes":""},"class_list":["post-1213","page","type-page","status-publish","hentry"],"jetpack_sharing_enabled":true,"_links":{"self":[{"href":"https:\/\/gadlimoncocha.gob.ec\/index.php?rest_route=\/wp\/v2\/pages\/1213","targetHints":{"allow":["GET"]}}],"collection":[{"href":"https:\/\/gadlimoncocha.gob.ec\/index.php?rest_route=\/wp\/v2\/pages"}],"about":[{"href":"https:\/\/gadlimoncocha.gob.ec\/index.php?rest_route=\/wp\/v2\/types\/page"}],"author":[{"embeddable":true,"href":"https:\/\/gadlimoncocha.gob.ec\/index.php?rest_route=\/wp\/v2\/users\/1"}],"replies":[{"embeddable":true,"href":"https:\/\/gadlimoncocha.gob.ec\/index.php?rest_route=%2Fwp%2Fv2%2Fcomments&post=1213"}],"version-history":[{"count":28,"href":"https:\/\/gadlimoncocha.gob.ec\/index.php?rest_route=\/wp\/v2\/pages\/1213\/revisions"}],"predecessor-version":[{"id":1678,"href":"https:\/\/gadlimoncocha.gob.ec\/index.php?rest_route=\/wp\/v2\/pages\/1213\/revisions\/1678"}],"wp:attachment":[{"href":"https:\/\/gadlimoncocha.gob.ec\/index.php?rest_route=%2Fwp%2Fv2%2Fmedia&parent=1213"}],"curies":[{"name":"wp","href":"https:\/\/api.w.org\/{rel}","templated":true}]}}