{"id":1170,"date":"2024-01-30T00:06:31","date_gmt":"2024-01-30T00:06:31","guid":{"rendered":"https:\/\/gadlimoncocha.gob.ec\/?page_id=1170"},"modified":"2024-01-31T14:45:43","modified_gmt":"2024-01-31T14:45:43","slug":"diciembre-2023","status":"publish","type":"page","link":"https:\/\/gadlimoncocha.gob.ec\/?page_id=1170","title":{"rendered":"DICIEMBRE 2023"},"content":{"rendered":"\n<p><strong>Ley Org\u00e1nica de Transparencia y Acceso a la Informaci\u00f3n P\u00fablica Defensor\u00eda del Pueblo Art. 7.-<\/strong>\u00a0Difusi\u00f3n de la Informaci\u00f3n P\u00fablica.- Por la transparencia en la gesti\u00f3n administrativa que est\u00e1n obligadas a observar todas las instituciones del Estado que conforman el sector p\u00fablico en los t\u00e9rminos del art\u00edculo 118 de la Constituci\u00f3n Pol\u00edtica de la Rep\u00fablica y dem\u00e1s entes se\u00f1alados en el art\u00edculo 1 de la presente Ley, difundir\u00e1n a trav\u00e9s de un portal de informaci\u00f3n o p\u00e1gina web, as\u00ed como de los medios necesarios a disposici\u00f3n del p\u00fablico, implementados en la misma instituci\u00f3n, la siguiente informaci\u00f3n m\u00ednima actualizada, que para efectos de esta Ley, se la considera de naturaleza obligatoria:<\/p>\n\n\n\n<p><strong>1.1 Estructura org\u00e1nica<\/strong><\/p>\n\n\n\n<ul class=\"wp-block-list\">\n<li><a href=\"https:\/\/www.defensoria.gob.ec\/images\/defensoria\/pdfs\/lotaip2023\/numeral-1\/Conjunto_de_datos_1.1_dic_2023.csv\" target=\"_blank\" rel=\"noreferrer noopener\">Conjunto de datos<\/a><\/li>\n\n\n\n<li><a href=\"https:\/\/www.defensoria.gob.ec\/images\/defensoria\/pdfs\/lotaip2023\/numeral-1\/Metadatos_1.1_dic_2023.csv\" target=\"_blank\" rel=\"noreferrer noopener\">Metadatos<\/a><\/li>\n\n\n\n<li><a href=\"https:\/\/www.defensoria.gob.ec\/images\/defensoria\/pdfs\/lotaip2023\/numeral-1\/Diccionario_de_datos_1.1_dic_2023.csv\" target=\"_blank\" rel=\"noreferrer noopener\">Diccionario de datos<\/a><\/li>\n<\/ul>\n\n\n\n<p><strong>1.2-1.3 Base Legal Regulaciones Procedimientos Internos<\/strong><\/p>\n\n\n\n<ul class=\"wp-block-list\">\n<li><a href=\"https:\/\/www.defensoria.gob.ec\/images\/defensoria\/pdfs\/lotaip2023\/numeral-1\/Conjunto_de_datos_1.2_1.3_dic_2023.csv\">Conjunto de datos<\/a><\/li>\n\n\n\n<li><a href=\"https:\/\/www.defensoria.gob.ec\/images\/defensoria\/pdfs\/lotaip2023\/numeral-1\/Metadatos_1.2_1.3_dic_2023.csv\">Metadatos<\/a><\/li>\n\n\n\n<li><a href=\"https:\/\/www.defensoria.gob.ec\/images\/defensoria\/pdfs\/lotaip2023\/numeral-1\/Diccionario_de_datos_1.2_1.3_dic_2023.csv\">Diccionario de datos<\/a><\/li>\n<\/ul>\n\n\n\n<p><strong>1.4 Metas y objetivos unidades<\/strong><\/p>\n\n\n\n<ul class=\"wp-block-list\">\n<li><a href=\"https:\/\/www.defensoria.gob.ec\/images\/defensoria\/pdfs\/lotaip2023\/numeral-1\/Conjunto_de_datos_1.4_dic_2023.csv\">Conjunto de datos<\/a><\/li>\n\n\n\n<li><a href=\"https:\/\/www.defensoria.gob.ec\/images\/defensoria\/pdfs\/lotaip2023\/numeral-1\/Metadatos_1.4_dic_2023.csv\">Metadatos<\/a><\/li>\n\n\n\n<li><a href=\"https:\/\/www.defensoria.gob.ec\/images\/defensoria\/pdfs\/lotaip2023\/numeral-1\/Diccionario_de_datos_1.4_dic_2023.csv\">Diccionario de datos<\/a><\/li>\n<\/ul>\n\n\n\n<p><strong>2.1-2.2 Directorio y distributivo personal de la entidad<\/strong><\/p>\n\n\n\n<ul class=\"wp-block-list\">\n<li><a href=\"https:\/\/www.defensoria.gob.ec\/images\/defensoria\/pdfs\/lotaip2023\/numeral-2\/Conjunto_de_datos_2.1_2.2_dic_2023.csv\">Conjunto de datos<\/a><\/li>\n\n\n\n<li><a href=\"https:\/\/www.defensoria.gob.ec\/images\/defensoria\/pdfs\/lotaip2023\/numeral-2\/Metadatos_2.1_2.2_dic_2023.csv\">Metadatos<\/a><\/li>\n\n\n\n<li><a href=\"https:\/\/www.defensoria.gob.ec\/images\/defensoria\/pdfs\/lotaip2023\/numeral-2\/Diccionario_de_datos_2.1_2.2_dic_2023.csv\">Diccionario de datos<\/a><\/li>\n<\/ul>\n\n\n\n<p><strong>3. Remuneraciones ingresos adicionales<\/strong><\/p>\n\n\n\n<ul class=\"wp-block-list\">\n<li><strong><a href=\"https:\/\/gadlimoncocha.gob.ec\/wp-content\/uploads\/2024\/01\/3-remuneraciones-ingresos-adicionales.zip\">Conjunto de Datos <\/a> <\/strong><\/li>\n\n\n\n<li><a href=\"https:\/\/www.defensoria.gob.ec\/images\/defensoria\/pdfs\/lotaip2023\/numeral-3\/Metadatos_3_dic_2023.csv\">Metadatos<\/a><\/li>\n\n\n\n<li><a href=\"https:\/\/www.defensoria.gob.ec\/images\/defensoria\/pdfs\/lotaip2023\/numeral-3\/Diccionario_de_datos_3_dic_2023.csv\">Diccionario de datos<\/a><\/li>\n<\/ul>\n\n\n\n<p><strong>4. Detalle licencia comisiones<\/strong><\/p>\n\n\n\n<ul class=\"wp-block-list\">\n<li><a href=\"https:\/\/www.defensoria.gob.ec\/images\/defensoria\/pdfs\/lotaip2023\/numeral-4\/Conjunto_de_datos_4_dic_2023.csv\">Conjunto de datos<\/a><\/li>\n\n\n\n<li><a href=\"https:\/\/www.defensoria.gob.ec\/images\/defensoria\/pdfs\/lotaip2023\/numeral-4\/Metadatos_4_dic_2023.csv\">Metadatos<\/a><\/li>\n\n\n\n<li><a href=\"https:\/\/www.defensoria.gob.ec\/images\/defensoria\/pdfs\/lotaip2023\/numeral-4\/Diccionario_de_datos_4_dic_2023.csv\">Diccionario de datos<\/a><\/li>\n<\/ul>\n\n\n\n<p><strong>5.-22. Servicios formularios formatos tr\u00e1mites<\/strong><\/p>\n\n\n\n<ul class=\"wp-block-list\">\n<li><a href=\"https:\/\/www.defensoria.gob.ec\/images\/defensoria\/pdfs\/lotaip2023\/numeral-5-22\/Conjunto_de_datos_5_22_dic_2023.csv\">Conjunto de datos<\/a><\/li>\n\n\n\n<li><a href=\"https:\/\/www.defensoria.gob.ec\/images\/defensoria\/pdfs\/lotaip2023\/numeral-5-22\/Metadatos_5_22_dic_2023.csv\">Metadatos<\/a><\/li>\n\n\n\n<li><a href=\"https:\/\/www.defensoria.gob.ec\/images\/defensoria\/pdfs\/lotaip2023\/numeral-5-22\/Diccionario_de_datos_5_22_dic_2023.csv\">Diccionario de datos<\/a><\/li>\n<\/ul>\n\n\n\n<p><strong>6. Presupuesto de la instituci\u00f3n<\/strong><\/p>\n\n\n\n<ul class=\"wp-block-list\">\n<li><a href=\"https:\/\/www.defensoria.gob.ec\/images\/defensoria\/pdfs\/lotaip2023\/numeral-6\/Conjunto_de_datos_6_dic_2023.csv\">Conjunto de datos<\/a><\/li>\n\n\n\n<li><a href=\"https:\/\/www.defensoria.gob.ec\/images\/defensoria\/pdfs\/lotaip2023\/numeral-6\/Metadatos_6_dic_2023.csv\">Metadatos<\/a><\/li>\n\n\n\n<li><a href=\"https:\/\/www.defensoria.gob.ec\/images\/defensoria\/pdfs\/lotaip2023\/numeral-6\/Diccionario_de_datos_6_dic_2023.csv\">Diccionario de datos<\/a><\/li>\n<\/ul>\n\n\n\n<p><strong>7. Resultados de las auditor\u00edas internas y gubernamentales<\/strong><\/p>\n\n\n\n<ul class=\"wp-block-list\">\n<li><a href=\"https:\/\/www.defensoria.gob.ec\/images\/defensoria\/pdfs\/lotaip2023\/numeral-7\/Conjunto_de_datos_7_dic_2023.csv\">Conjunto de datos<\/a><\/li>\n\n\n\n<li><a href=\"https:\/\/www.defensoria.gob.ec\/images\/defensoria\/pdfs\/lotaip2023\/numeral-7\/Metadatos_7_dic_2023.csv\">Metadatos<\/a><\/li>\n\n\n\n<li><a href=\"https:\/\/www.defensoria.gob.ec\/images\/defensoria\/pdfs\/lotaip2023\/numeral-7\/Diccionario_de_datos_7_dic_2023.csv\">Diccionario de datos<\/a><\/li>\n<\/ul>\n\n\n\n<p><strong>8. Procesos de contrataci\u00f3n publica<\/strong><\/p>\n\n\n\n<ul class=\"wp-block-list\">\n<li><a href=\"https:\/\/www.defensoria.gob.ec\/images\/defensoria\/pdfs\/lotaip2023\/numeral-8\/Conjunto_de_datos_8_dic_2023.csv\">Conjunto de datos<\/a><\/li>\n\n\n\n<li><a href=\"https:\/\/www.defensoria.gob.ec\/images\/defensoria\/pdfs\/lotaip2023\/numeral-8\/Metadatos_8_dic_2023.csv\">Metadatos<\/a><\/li>\n\n\n\n<li><a href=\"https:\/\/www.defensoria.gob.ec\/images\/defensoria\/pdfs\/lotaip2023\/numeral-8\/Diccionario_8_dic_2023.csv\">Diccionario de datos<\/a><\/li>\n<\/ul>\n\n\n\n<p><strong>9. Listado de empresas y personas que han incumplido contratos<\/strong><\/p>\n\n\n\n<ul class=\"wp-block-list\">\n<li><a href=\"https:\/\/www.defensoria.gob.ec\/images\/defensoria\/pdfs\/lotaip2023\/numeral-9\/Conjunto_de_datos_9_dic_2023.csv\">Conjunto de datos<\/a><\/li>\n\n\n\n<li><a href=\"https:\/\/www.defensoria.gob.ec\/images\/defensoria\/pdfs\/lotaip2023\/numeral-9\/Metadatos_9_dic_2023.csv\">Metadatos<\/a><\/li>\n\n\n\n<li><a href=\"https:\/\/www.defensoria.gob.ec\/images\/defensoria\/pdfs\/lotaip2023\/numeral-9\/Diccionario_de_datos_9_dic_2023.csv\">Diccionario de datos<\/a><\/li>\n<\/ul>\n\n\n\n<p><strong>10. Planes y programas<\/strong><\/p>\n\n\n\n<ul class=\"wp-block-list\">\n<li><a href=\"https:\/\/www.defensoria.gob.ec\/images\/defensoria\/pdfs\/lotaip2023\/numeral-10\/Conjunto_de_datos_10_dic_2023.csv\">Conjunto de datos<\/a><\/li>\n\n\n\n<li><a href=\"https:\/\/www.defensoria.gob.ec\/images\/defensoria\/pdfs\/lotaip2023\/numeral-10\/Metadatos_10_dic_2023.csv\">Metadatos<\/a><\/li>\n\n\n\n<li><a href=\"https:\/\/www.defensoria.gob.ec\/images\/defensoria\/pdfs\/lotaip2023\/numeral-10\/Diccionario_de_datos_10_dic_2023.csv\">Diccionario de datos<\/a><\/li>\n<\/ul>\n\n\n\n<p><strong>11. Contratos de cr\u00e9dito externos o internos<\/strong><\/p>\n\n\n\n<ul class=\"wp-block-list\">\n<li><a href=\"https:\/\/www.defensoria.gob.ec\/images\/defensoria\/pdfs\/lotaip2023\/numeral-11\/Conjunto_de_datos_11_dic_2023.csv\">Conjunto de datos<\/a><\/li>\n\n\n\n<li><a href=\"https:\/\/www.defensoria.gob.ec\/images\/defensoria\/pdfs\/lotaip2023\/numeral-11\/Metadatos%20_11_dic_2023.csv\" target=\"_blank\" rel=\"noreferrer noopener\">Metadatos<\/a><\/li>\n\n\n\n<li><a href=\"https:\/\/www.defensoria.gob.ec\/images\/defensoria\/pdfs\/lotaip2023\/numeral-11\/Diccionario_de_datos_11_dic_2023.csv\">Diccionario de datos<\/a><\/li>\n<\/ul>\n\n\n\n<p><strong>12. Mecanismos rendici\u00f3n cuentas<\/strong><\/p>\n\n\n\n<ul class=\"wp-block-list\">\n<li><a href=\"https:\/\/www.defensoria.gob.ec\/images\/defensoria\/pdfs\/lotaip2023\/numeral-12\/Conjunto_de_datos_12_dic_2023.csv\">Conjunto de datos<\/a><\/li>\n\n\n\n<li><a href=\"https:\/\/www.defensoria.gob.ec\/images\/defensoria\/pdfs\/lotaip2023\/numeral-12\/Metadatos_12_dic_2023.csv\">Metadatos<\/a><\/li>\n\n\n\n<li><a href=\"https:\/\/www.defensoria.gob.ec\/images\/defensoria\/pdfs\/lotaip2023\/numeral-12\/Diccionario_de_datos_12_dic_2023.csv\">Diccionario de datos<\/a><\/li>\n<\/ul>\n\n\n\n<p><strong>13. Vi\u00e1ticos informes de trabajo y justificativos de movilizaci\u00f3n<\/strong><\/p>\n\n\n\n<ul class=\"wp-block-list\">\n<li><a href=\"https:\/\/www.defensoria.gob.ec\/images\/defensoria\/pdfs\/lotaip2023\/numeral-13\/Conjunto_de_datos_13_dic_2023.csv\">Conjunto de datos<\/a><\/li>\n\n\n\n<li><a href=\"https:\/\/www.defensoria.gob.ec\/images\/defensoria\/pdfs\/lotaip2023\/numeral-13\/Metadatos_de_datos_13_dic_2023.csv\">Metadatos<\/a><\/li>\n\n\n\n<li><a href=\"https:\/\/www.defensoria.gob.ec\/images\/defensoria\/pdfs\/lotaip2023\/numeral-13\/Diccionario_de_datos_13_dic_2023.csv\">Diccionario de datos<\/a><\/li>\n<\/ul>\n\n\n\n<p><strong>14. Responsables del acceso de informaci\u00f3n publica<\/strong><\/p>\n\n\n\n<ul class=\"wp-block-list\">\n<li><a href=\"https:\/\/www.defensoria.gob.ec\/images\/defensoria\/pdfs\/lotaip2023\/numeral-14\/Conjunto_de_datos_14_dic_2023.csv\">Conjunto de datos<\/a><\/li>\n\n\n\n<li><a href=\"https:\/\/www.defensoria.gob.ec\/images\/defensoria\/pdfs\/lotaip2023\/numeral-14\/Metadatos_14_dic_2023.csv\">Metadatos<\/a><\/li>\n\n\n\n<li><a href=\"https:\/\/www.defensoria.gob.ec\/images\/defensoria\/pdfs\/lotaip2023\/numeral-14\/Diccionario_de_diccionario_14_dic_2023.csv\">Diccionario de datos<\/a><\/li>\n<\/ul>\n\n\n\n<p><strong>15. Texto \u00edntegro de los contratos colectivos vigentes y reformas<\/strong><\/p>\n\n\n\n<ul class=\"wp-block-list\">\n<li><a href=\"https:\/\/www.defensoria.gob.ec\/images\/defensoria\/pdfs\/lotaip2023\/numeral-15\/Conjunto_de_datos_15_dic_2023.csv\">Conjunto de datos<\/a><\/li>\n\n\n\n<li><a href=\"https:\/\/www.defensoria.gob.ec\/images\/defensoria\/pdfs\/lotaip2023\/numeral-15\/Metadatos_15_dic_2023.csv\">Metadatos<\/a><\/li>\n\n\n\n<li><a href=\"https:\/\/www.defensoria.gob.ec\/images\/defensoria\/pdfs\/lotaip2023\/numeral-15\/Diccionario_de_datos_15_dic_2023.csv\">Diccionario de datos<\/a><\/li>\n<\/ul>\n\n\n\n<p><strong>16. Listado \u00edndice formaci\u00f3n reservada<\/strong><\/p>\n\n\n\n<ul class=\"wp-block-list\">\n<li><a href=\"https:\/\/www.defensoria.gob.ec\/images\/defensoria\/pdfs\/lotaip2023\/numeral-16\/Conjunto_de_datos_16_dic_2023.csv\">Conjunto de datos<\/a><\/li>\n\n\n\n<li><a href=\"https:\/\/www.defensoria.gob.ec\/images\/defensoria\/pdfs\/lotaip2023\/numeral-16\/Metadatos_16_dic_2023.csv\">Metadatos<\/a><\/li>\n\n\n\n<li><a href=\"https:\/\/www.defensoria.gob.ec\/images\/defensoria\/pdfs\/lotaip2023\/numeral-16\/Diccionario_de_datos_16_dic_2023.csv\">Diccionario de datos<\/a><\/li>\n<\/ul>\n\n\n\n<p><strong>17. Detalle de las audiencias y reuniones de autoridades<\/strong><\/p>\n\n\n\n<ul class=\"wp-block-list\">\n<li><a href=\"https:\/\/www.defensoria.gob.ec\/images\/defensoria\/pdfs\/lotaip2023\/numeral-17\/Conjunto_de_datos_17_dic_2023.csv\">Conjunto de datos<\/a><\/li>\n\n\n\n<li><a href=\"https:\/\/www.defensoria.gob.ec\/images\/defensoria\/pdfs\/lotaip2023\/numeral-17\/Metadatos_17_dic_2023.csv\">Metadatos<\/a><\/li>\n\n\n\n<li><a href=\"https:\/\/www.defensoria.gob.ec\/images\/defensoria\/pdfs\/lotaip2023\/numeral-17\/Diccionario_de_datos_17_dic_2023.csv\">Diccionario de datos<\/a><\/li>\n<\/ul>\n\n\n\n<p><strong>18. Detalle de convenios nacionales e internacionales<\/strong><\/p>\n\n\n\n<ul class=\"wp-block-list\">\n<li><a href=\"https:\/\/www.defensoria.gob.ec\/images\/defensoria\/pdfs\/lotaip2023\/numeral-18\/Conjunto_de_datos_18_dic_2023.csv\">Conjunto de datos<\/a><\/li>\n\n\n\n<li><a href=\"https:\/\/www.defensoria.gob.ec\/images\/defensoria\/pdfs\/lotaip2023\/numeral-18\/Metadatos_18_dic_2023.csv\">Metadatos<\/a><\/li>\n\n\n\n<li><a href=\"https:\/\/www.defensoria.gob.ec\/images\/defensoria\/pdfs\/lotaip2023\/numeral-18\/Diccionario_de_datos_18_dic_2023.csv\">Diccionario de datos<\/a><\/li>\n<\/ul>\n\n\n\n<p><strong>19. Detalle donativos oficiales y protocolares<\/strong><\/p>\n\n\n\n<ul class=\"wp-block-list\">\n<li><a href=\"https:\/\/www.defensoria.gob.ec\/images\/defensoria\/pdfs\/lotaip2023\/numeral-19\/Conjunto_de_datos_19_dic_2023.csv\">Conjunto de datos<\/a><\/li>\n\n\n\n<li><a href=\"https:\/\/www.defensoria.gob.ec\/images\/defensoria\/pdfs\/lotaip2023\/numeral-19\/Metadatos_19_dic_2023.csv\">Metadatos<\/a><\/li>\n\n\n\n<li><a href=\"https:\/\/www.defensoria.gob.ec\/images\/defensoria\/pdfs\/lotaip2023\/numeral-19\/Diccionario_de_datos_19_dic_2023.csv\">Diccionario de datos<\/a><\/li>\n<\/ul>\n\n\n\n<p><strong>20. Registro de activos de informaci\u00f3n frecuente y complementaria<\/strong><\/p>\n\n\n\n<ul class=\"wp-block-list\">\n<li><a href=\"https:\/\/www.defensoria.gob.ec\/images\/defensoria\/pdfs\/lotaip2023\/numeral-20\/Conjunto_de_datos_20_dic_2023.csv\">Conjunto de datos<\/a><\/li>\n\n\n\n<li><a href=\"https:\/\/www.defensoria.gob.ec\/images\/defensoria\/pdfs\/lotaip2023\/numeral-20\/Metadatos_20_dic_2023.csv\">Metadatos<\/a><\/li>\n\n\n\n<li><a href=\"https:\/\/www.defensoria.gob.ec\/images\/defensoria\/pdfs\/lotaip2023\/numeral-20\/Diccionario_de_datos_20_dic_2023.csv\">Diccionario de datos<\/a><\/li>\n<\/ul>\n\n\n\n<p><strong>21. Pol\u00edticas p\u00fablicas o informaci\u00f3n grupo espec\u00edfico<\/strong><\/p>\n\n\n\n<ul class=\"wp-block-list\">\n<li><a href=\"https:\/\/www.defensoria.gob.ec\/images\/defensoria\/pdfs\/lotaip2023\/numeral-21\/Conjunto_de_datos_21_dic_2023.csv\">Conjunto de datos<\/a><\/li>\n\n\n\n<li><a href=\"https:\/\/www.defensoria.gob.ec\/images\/defensoria\/pdfs\/lotaip2023\/numeral-21\/Metadatos_21_dic_2023.csv\">Metadatos<\/a><\/li>\n\n\n\n<li><a href=\"https:\/\/www.defensoria.gob.ec\/images\/defensoria\/pdfs\/lotaip2023\/numeral-21\/Diccionario_de_datos_21_dic_2023.csv\">Diccionario de datos<\/a><\/li>\n<\/ul>\n\n\n\n<p><strong>23. Detalle personas servidoras p\u00fablicas con acciones afirmativas<\/strong><\/p>\n\n\n\n<ul class=\"wp-block-list\">\n<li><a href=\"https:\/\/www.defensoria.gob.ec\/images\/defensoria\/pdfs\/lotaip2023\/numeral-23\/Conjunto_de_datos_23_dic_2023.csv\">Conjunto de datos<\/a><\/li>\n\n\n\n<li><a href=\"https:\/\/www.defensoria.gob.ec\/images\/defensoria\/pdfs\/lotaip2023\/numeral-23\/Metadatos_23_dic_2023.csv\">Metadatos<\/a><\/li>\n\n\n\n<li><a href=\"https:\/\/www.defensoria.gob.ec\/images\/defensoria\/pdfs\/lotaip2023\/numeral-23\/Diccionario_de_datos_23_dic_2023.csv\">Diccionario de datos<\/a><\/li>\n<\/ul>\n\n\n\n<p><strong>24. informaci\u00f3n relevante para el ejercicio de derechos ODS<\/strong><\/p>\n\n\n\n<ul class=\"wp-block-list\">\n<li><a href=\"https:\/\/www.defensoria.gob.ec\/images\/defensoria\/pdfs\/lotaip2023\/numeral-24\/Conjunto_de_datos_24_dic_2023.csv\">Conjunto de datos<\/a><\/li>\n\n\n\n<li><a href=\"https:\/\/www.defensoria.gob.ec\/images\/defensoria\/pdfs\/lotaip2023\/numeral-24\/Metadatos_24_dic_2023.csv\">Metadatos<\/a><\/li>\n\n\n\n<li><a href=\"https:\/\/www.defensoria.gob.ec\/images\/defensoria\/pdfs\/lotaip2023\/numeral-24\/Diccionario_de_datos_24_dic_2023.csv\">Diccionario de datos<\/a><\/li>\n<\/ul>\n","protected":false},"excerpt":{"rendered":"<p>Ley Org\u00e1nica de Transparencia y Acceso a la Informaci\u00f3n P\u00fablica Defensor\u00eda del Pueblo Art. 7.-\u00a0Difusi\u00f3n de la Informaci\u00f3n P\u00fablica.- Por la transparencia en la gesti\u00f3n administrativa que est\u00e1n obligadas a observar todas las instituciones del Estado que conforman el sector p\u00fablico en los t\u00e9rminos del art\u00edculo 118 de la Constituci\u00f3n<\/p>\n","protected":false},"author":1,"featured_media":0,"parent":0,"menu_order":0,"comment_status":"closed","ping_status":"closed","template":"","meta":{"footnotes":""},"class_list":["post-1170","page","type-page","status-publish","hentry"],"jetpack_sharing_enabled":true,"_links":{"self":[{"href":"https:\/\/gadlimoncocha.gob.ec\/index.php?rest_route=\/wp\/v2\/pages\/1170","targetHints":{"allow":["GET"]}}],"collection":[{"href":"https:\/\/gadlimoncocha.gob.ec\/index.php?rest_route=\/wp\/v2\/pages"}],"about":[{"href":"https:\/\/gadlimoncocha.gob.ec\/index.php?rest_route=\/wp\/v2\/types\/page"}],"author":[{"embeddable":true,"href":"https:\/\/gadlimoncocha.gob.ec\/index.php?rest_route=\/wp\/v2\/users\/1"}],"replies":[{"embeddable":true,"href":"https:\/\/gadlimoncocha.gob.ec\/index.php?rest_route=%2Fwp%2Fv2%2Fcomments&post=1170"}],"version-history":[{"count":8,"href":"https:\/\/gadlimoncocha.gob.ec\/index.php?rest_route=\/wp\/v2\/pages\/1170\/revisions"}],"predecessor-version":[{"id":1208,"href":"https:\/\/gadlimoncocha.gob.ec\/index.php?rest_route=\/wp\/v2\/pages\/1170\/revisions\/1208"}],"wp:attachment":[{"href":"https:\/\/gadlimoncocha.gob.ec\/index.php?rest_route=%2Fwp%2Fv2%2Fmedia&parent=1170"}],"curies":[{"name":"wp","href":"https:\/\/api.w.org\/{rel}","templated":true}]}}